{"id":14495,"date":"2014-03-28T11:27:19","date_gmt":"2014-03-28T11:27:19","guid":{"rendered":"http:\/\/demo.qodeinteractive.com\/bridge\/?page_id=14495"},"modified":"2025-12-23T21:38:36","modified_gmt":"2025-12-23T19:38:36","slug":"services","status":"publish","type":"page","link":"https:\/\/berghotellangis.ch\/?page_id=14495","title":{"rendered":"Wellness"},"content":{"rendered":"<p>[vc_row css_animation=&#8220;&#8220; row_type=&#8220;row&#8220; use_row_as_full_screen_section=&#8220;yes&#8220; type=&#8220;grid&#8220; angled_section=&#8220;no&#8220; text_align=&#8220;left&#8220; background_image_as_pattern=&#8220;without_pattern&#8220; background_color=&#8220;#ffffff&#8220; padding_top=&#8220;50&#8243; padding_bottom=&#8220;25&#8243;][vc_column][vc_column_text]<\/p>\n<h1 style=\"text-align: center;\">Unsere Wohlf\u00fchloase<\/h1>\n<p>[\/vc_column_text][vc_separator type=&#8220;small&#8220; position=&#8220;center&#8220; up=&#8220;10&#8243; down=&#8220;50&#8243;][qode_circles columns=&#8220;four_columns&#8220; circle_line=&#8220;no_line&#8220;][qode_circle type=&#8220;image_type&#8220; title=&#8220;01 Anmelden&#8220; text=&#8220;Bitte melden Sie ihren Besuch im Wellness\u00adbereich am Buffet an&#8220; image=&#8220;15333&#8243;][qode_circle type=&#8220;image_type&#8220; title=&#8220;02 30 Min&#8220; text=&#8220;Erfreuen Sie sich an unserer Aussicht bis die Sauna aufgew\u00e4rmt ist&#8220; image=&#8220;15334&#8243;][qode_circle type=&#8220;image_type&#8220; title=&#8220;03 Bademantel&#8220; text=&#8220;F\u00fcr 8 Franken k\u00f6nnen Sie einen Bademantel mieten&#8220; image=&#8220;15336&#8243;][qode_circle type=&#8220;image_type&#8220; title=&#8220;04 Geniessen&#8220; text=&#8220;Erholen Sie sich zwei Stunden vom Alltag und geniessen Sie die Ruhe&#8220; image=&#8220;15337&#8243;][\/qode_circles][vc_separator type=&#8220;transparent&#8220; up=&#8220;38&#8243; down=&#8220;19&#8243;][\/vc_column][\/vc_row][vc_row css_animation=&#8220;&#8220; row_type=&#8220;row&#8220; use_row_as_full_screen_section=&#8220;no&#8220; type=&#8220;full_width&#8220; angled_section=&#8220;no&#8220; text_align=&#8220;left&#8220; background_image_as_pattern=&#8220;without_pattern&#8220; padding_top=&#8220;25&#8243;][vc_column][vc_column_text]<\/p>\n<h1 style=\"text-align: center;\">Wellness im Langis<\/h1>\n<p>[\/vc_column_text][vc_separator type=&#8220;small&#8220; position=&#8220;center&#8220; up=&#8220;7&#8243; down=&#8220;45&#8243;][\/vc_column][\/vc_row][vc_row css_animation=&#8220;&#8220; row_type=&#8220;row&#8220; use_row_as_full_screen_section=&#8220;no&#8220; type=&#8220;full_width&#8220; angled_section=&#8220;no&#8220; text_align=&#8220;left&#8220; background_image_as_pattern=&#8220;without_pattern&#8220; padding_top=&#8220;25&#8243; padding_bottom=&#8220;50&#8243;][vc_column][vc_column_text]<\/p>\n<h4 style=\"text-align: center;\">Badet\u00fccher werden Ihnen zur Verf\u00fcgung gestellt.<br \/>\nSie k\u00f6nnen sich also spontan f\u00fcr Ihren Besuch in der Wellnessanlage entscheiden:<\/h4>\n<h4 style=\"text-align: center;\"><strong>\u2022 Finnische Sauna (ab 2 Personen)<\/strong><\/h4>\n<h4 style=\"text-align: center;\"><strong>\u2022 Aussen-Whirlpool (ab 2 Personen)<\/strong><\/h4>\n<h4 style=\"text-align: center;\"><\/h4>\n<h4 style=\"text-align: center;\">Preise:<\/h4>\n<h4 style=\"text-align: center;\">nur Whirlpool Fr. 15.- pro Person<\/h4>\n<h4 style=\"text-align: center;\">nur Sauna Fr. 25.- pro Person<\/h4>\n<h4 style=\"text-align: center;\">Whirlpool und Sauna Fr. 32 pro Person<\/h4>\n<h4 style=\"text-align: center;\">(max. 3 Stunden)<\/h4>\n<p>[\/vc_column_text][vc_empty_space][\/vc_column][\/vc_row][vc_row css_animation=&#8220;&#8220; row_type=&#8220;row&#8220; use_row_as_full_screen_section=&#8220;no&#8220; type=&#8220;full_width&#8220; angled_section=&#8220;no&#8220; text_align=&#8220;left&#8220; background_image_as_pattern=&#8220;without_pattern&#8220;][vc_column][vc_single_image image=&#8220;16754&#8243; img_size=&#8220;500&#215;250&#8243; alignment=&#8220;center&#8220; style=&#8220;vc_box_rounded&#8220; onclick=&#8220;link_image&#8220; qode_css_animation=&#8220;&#8220;][vc_empty_space][vc_column_text]<\/p>\n<h1 style=\"text-align: center;\">Wellnesspackage<\/h1>\n<h3 style=\"text-align: center;\">Buchen Sie das perfekte Wellness-Package und entspannen Sie auf \u00fcber 1400 Meter \u00fcber Meer:<\/h3>\n<p>[\/vc_column_text][vc_empty_space][vc_column_text]<\/p>\n<h4 style=\"text-align: center;\"><strong>\u2022 Wellness mit \u00dcbernachtung im Doppelzimmer und 3-Gang Abendessen<\/strong><\/h4>\n<h4 style=\"text-align: center;\">Ben\u00fctzung der Wellnessanlage mit \u00dcbernachtung im Doppelzimmer inklusive Fr\u00fchst\u00fcck und 3-Gang Abendessen (Halbpension)<br \/>\nab CHF 280.00 f\u00fcr 2 Personen<\/h4>\n<h3 style=\"text-align: center;\"><\/h3>\n<h3 style=\"text-align: center;\"><\/h3>\n<h3 style=\"text-align: center;\"><\/h3>\n<p>[\/vc_column_text][vc_empty_space][vc_column_text]<\/p>\n<h4 style=\"text-align: center;\"><strong>\u2022 Wellness mit \u00dcbernachtung im Doppelzimmer<\/strong><\/h4>\n<h4 style=\"text-align: center;\">Ben\u00fctzung der Wellnessanlage mit \u00dcbernachtung im Doppelzimmer inklusive Fr\u00fchst\u00fcck<br \/>\nab CHF 210.00 f\u00fcr 2 Personen<\/h4>\n<h3><\/h3>\n<h3 style=\"text-align: center;\"><\/h3>\n<h3 style=\"text-align: center;\"><\/h3>\n<p>[\/vc_column_text][\/vc_column][\/vc_row][vc_row css_animation=&#8220;&#8220; row_type=&#8220;row&#8220; use_row_as_full_screen_section=&#8220;no&#8220; type=&#8220;full_width&#8220; angled_section=&#8220;no&#8220; text_align=&#8220;left&#8220; background_image_as_pattern=&#8220;without_pattern&#8220;][vc_column][vc_empty_space][vc_empty_space][vc_empty_space][vc_gallery type=&#8220;image_grid&#8220; images=&#8220;15344,15345,15346,15343&#8243; img_size=&#8220;600&#215;600&#8243; column_number=&#8220;4&#8243; grayscale=&#8220;yes&#8220; images_space=&#8220;gallery_without_space&#8220;][\/vc_column][\/vc_row][vc_row css_animation=&#8220;&#8220; row_type=&#8220;row&#8220; use_row_as_full_screen_section=&#8220;no&#8220; type=&#8220;full_width&#8220; angled_section=&#8220;no&#8220; text_align=&#8220;left&#8220; background_image_as_pattern=&#8220;without_pattern&#8220;][vc_column][\/vc_column][\/vc_row]<\/p>\n","protected":false},"excerpt":{"rendered":"<p>[vc_row css_animation=&#8220;&#8220; row_type=&#8220;row&#8220; use_row_as_full_screen_section=&#8220;yes&#8220; type=&#8220;grid&#8220; angled_section=&#8220;no&#8220; text_align=&#8220;left&#8220; background_image_as_pattern=&#8220;without_pattern&#8220; background_color=&#8220;#ffffff&#8220; padding_top=&#8220;50&#8243;&#8230;<\/p>\n","protected":false},"author":3,"featured_media":0,"parent":0,"menu_order":0,"comment_status":"open","ping_status":"closed","template":"full_width.php","meta":{"footnotes":""},"class_list":["post-14495","page","type-page","status-publish","hentry"],"_links":{"self":[{"href":"https:\/\/berghotellangis.ch\/index.php?rest_route=\/wp\/v2\/pages\/14495"}],"collection":[{"href":"https:\/\/berghotellangis.ch\/index.php?rest_route=\/wp\/v2\/pages"}],"about":[{"href":"https:\/\/berghotellangis.ch\/index.php?rest_route=\/wp\/v2\/types\/page"}],"author":[{"embeddable":true,"href":"https:\/\/berghotellangis.ch\/index.php?rest_route=\/wp\/v2\/users\/3"}],"replies":[{"embeddable":true,"href":"https:\/\/berghotellangis.ch\/index.php?rest_route=%2Fwp%2Fv2%2Fcomments&post=14495"}],"version-history":[{"count":88,"href":"https:\/\/berghotellangis.ch\/index.php?rest_route=\/wp\/v2\/pages\/14495\/revisions"}],"predecessor-version":[{"id":17369,"href":"https:\/\/berghotellangis.ch\/index.php?rest_route=\/wp\/v2\/pages\/14495\/revisions\/17369"}],"wp:attachment":[{"href":"https:\/\/berghotellangis.ch\/index.php?rest_route=%2Fwp%2Fv2%2Fmedia&parent=14495"}],"curies":[{"name":"wp","href":"https:\/\/api.w.org\/{rel}","templated":true}]}}