{"id":14910,"date":"2015-03-12T14:24:11","date_gmt":"2015-03-12T12:24:11","guid":{"rendered":"http:\/\/192.168.1.39\/wordpress\/?page_id=14910"},"modified":"2025-12-12T12:40:56","modified_gmt":"2025-12-12T10:40:56","slug":"restaurant","status":"publish","type":"page","link":"https:\/\/berghotellangis.ch\/?page_id=14910","title":{"rendered":"Kulinarisches Angebot"},"content":{"rendered":"<p>[vc_row css_animation=&#8220;&#8220; row_type=&#8220;row&#8220; use_row_as_full_screen_section=&#8220;no&#8220; type=&#8220;grid&#8220; angled_section=&#8220;no&#8220; text_align=&#8220;left&#8220; background_image_as_pattern=&#8220;without_pattern&#8220; background_color=&#8220;#ffffff&#8220; padding_top=&#8220;50&#8243; padding_bottom=&#8220;25&#8243;][vc_column][vc_column_text]<\/p>\r\n<h1 style=\"text-align: center;\">Kulinarisches Angebot<\/h1>\r\n<p>[\/vc_column_text][\/vc_column][\/vc_row][vc_row css_animation=&#8220;&#8220; row_type=&#8220;row&#8220; use_row_as_full_screen_section=&#8220;no&#8220; type=&#8220;full_width&#8220; angled_section=&#8220;no&#8220; text_align=&#8220;left&#8220; background_image_as_pattern=&#8220;without_pattern&#8220;][vc_column][vc_separator type=&#8220;normal&#8220;][vc_row_inner row_type=&#8220;row&#8220; type=&#8220;full_width&#8220; text_align=&#8220;left&#8220; css_animation=&#8220;&#8220;][vc_column_inner][vc_column_text][\/vc_column_text][vc_separator type=&#8220;small&#8220; position=&#8220;center&#8220;][vc_column_text]<\/p>\r\n<p>&nbsp;<\/p>\r\n<h4 style=\"text-align: left;\">Das in Obwalden gelegene Berghotel bietet Ihnen eine Aussichtsterrasse mit bezaubernder Sicht auf das eindrucksvolle Alpenpanorama. Lassen Sie sich von unserer K\u00fcche genauso verw\u00f6hnen, wie Sie von der bezaubernden Natur des Glaubenbergs verw\u00f6hnt werden. Um Foodwaste zu vermeiden, werden unsere Gerichte t\u00e4glich frisch mit viel Liebe f\u00fcr Sie zubereitet. Wir legen grossen Wert darauf, saisonale und Schweizer- Lebensmittel zu verarbeiten. \u00dcberzeugen Sie sich selbst!<\/h4>\r\n<p>[\/vc_column_text][vc_column_text]<\/p>\r\n<h4>\u00a0<\/h4>\r\n<h4>Die K\u00fcche ist durchgehend von So-Do 11:00-18:00 Uhr \/ Fr-Sa 11:00-19:00 ge\u00f6ffnet.<\/h4>\r\n<p><strong>F\u00fcr Gruppen haben wir am Abend gerne auch l\u00e4nger ge\u00f6ffnet. <\/strong><\/p>\r\n<p><strong>Melden Sie sich per Mail an info@berghotellangis.ch\u00a0<\/strong><\/p>\r\n<p>Bei schlechter Witterung k\u00f6nnen die Zeiten abweichen.<\/p>\r\n<p>&nbsp;<\/p>\r\n<p>[\/vc_column_text][vc_column_text]<\/p>\r\n<h4>\u00a0<\/h4>\r\n<h4>Planen Sie Ihren unvergesslichen Event im Gebiet Glaubenberg? Sehr gerne beraten wir Sie und stellen Ihnen passende Men\u00fcvorschl\u00e4ge zu.<\/h4>\r\n<p>[\/vc_column_text][vc_column_text]<\/p>\r\n<p><a href=\"https:\/\/berghotellangis.ch\/wp-content\/uploads\/2025\/12\/Speisekarte-Winter-2025.pdf\">Speisekarte Winter 2025<\/a><\/p>\r\n<p><a href=\"https:\/\/berghotellangis.ch\/wp-content\/uploads\/2021\/11\/Weinkarte-2021.pdf\">Download Wein-Karte<\/a><\/p>\r\n<p><a href=\"https:\/\/berghotellangis.ch\/wp-content\/uploads\/2024\/03\/Download-Getr\u00e4nke-Karte.pdf\">Download Getr\u00e4nke-Karte<\/a><\/p>\r\n<p>[\/vc_column_text][\/vc_column_inner][\/vc_row_inner][vc_column_text]<\/p>\r\n<p><br \/>[\/vc_column_text][\/vc_column][\/vc_row][vc_row css_animation=&#8220;&#8220; row_type=&#8220;row&#8220; use_row_as_full_screen_section=&#8220;no&#8220; type=&#8220;full_width&#8220; angled_section=&#8220;no&#8220; text_align=&#8220;left&#8220; background_image_as_pattern=&#8220;without_pattern&#8220;][vc_column][vc_single_image image=&#8220;16620&#8243; img_size=&#8220;large&#8220; alignment=&#8220;center&#8220; qode_css_animation=&#8220;&#8220;][\/vc_column][\/vc_row][vc_row css_animation=&#8220;&#8220; row_type=&#8220;row&#8220; use_row_as_full_screen_section=&#8220;no&#8220; type=&#8220;full_width&#8220; angled_section=&#8220;no&#8220; text_align=&#8220;left&#8220; background_image_as_pattern=&#8220;without_pattern&#8220;][vc_column][\/vc_column][\/vc_row][vc_row css_animation=&#8220;&#8220; row_type=&#8220;row&#8220; use_row_as_full_screen_section=&#8220;no&#8220; type=&#8220;full_width&#8220; angled_section=&#8220;no&#8220; text_align=&#8220;left&#8220; background_image_as_pattern=&#8220;without_pattern&#8220;][vc_column][vc_single_image image=&#8220;17172&#8243; qode_css_animation=&#8220;&#8220;][\/vc_column][\/vc_row]<\/p>","protected":false},"excerpt":{"rendered":"<p>[vc_row css_animation=&#8220;&#8220; row_type=&#8220;row&#8220; use_row_as_full_screen_section=&#8220;no&#8220; type=&#8220;grid&#8220; angled_section=&#8220;no&#8220; text_align=&#8220;left&#8220; background_image_as_pattern=&#8220;without_pattern&#8220; background_color=&#8220;#ffffff&#8220; padding_top=&#8220;50&#8243;&#8230;<\/p>\n","protected":false},"author":3,"featured_media":0,"parent":15774,"menu_order":0,"comment_status":"closed","ping_status":"closed","template":"full_width.php","meta":{"footnotes":""},"class_list":["post-14910","page","type-page","status-publish","hentry"],"_links":{"self":[{"href":"https:\/\/berghotellangis.ch\/index.php?rest_route=\/wp\/v2\/pages\/14910"}],"collection":[{"href":"https:\/\/berghotellangis.ch\/index.php?rest_route=\/wp\/v2\/pages"}],"about":[{"href":"https:\/\/berghotellangis.ch\/index.php?rest_route=\/wp\/v2\/types\/page"}],"author":[{"embeddable":true,"href":"https:\/\/berghotellangis.ch\/index.php?rest_route=\/wp\/v2\/users\/3"}],"replies":[{"embeddable":true,"href":"https:\/\/berghotellangis.ch\/index.php?rest_route=%2Fwp%2Fv2%2Fcomments&post=14910"}],"version-history":[{"count":154,"href":"https:\/\/berghotellangis.ch\/index.php?rest_route=\/wp\/v2\/pages\/14910\/revisions"}],"predecessor-version":[{"id":17363,"href":"https:\/\/berghotellangis.ch\/index.php?rest_route=\/wp\/v2\/pages\/14910\/revisions\/17363"}],"up":[{"embeddable":true,"href":"https:\/\/berghotellangis.ch\/index.php?rest_route=\/wp\/v2\/pages\/15774"}],"wp:attachment":[{"href":"https:\/\/berghotellangis.ch\/index.php?rest_route=%2Fwp%2Fv2%2Fmedia&parent=14910"}],"curies":[{"name":"wp","href":"https:\/\/api.w.org\/{rel}","templated":true}]}}