{"id":15905,"date":"2015-06-16T13:26:03","date_gmt":"2015-06-16T11:26:03","guid":{"rendered":"http:\/\/www.berghotellangis.ch\/new\/?page_id=15905"},"modified":"2022-01-22T17:25:22","modified_gmt":"2022-01-22T15:25:22","slug":"winter","status":"publish","type":"page","link":"https:\/\/berghotellangis.ch\/?page_id=15905","title":{"rendered":"Winter"},"content":{"rendered":"<p>[vc_row css_animation=&#8220;&#8220; row_type=&#8220;row&#8220; use_row_as_full_screen_section=&#8220;no&#8220; type=&#8220;full_width&#8220; angled_section=&#8220;no&#8220; text_align=&#8220;left&#8220; background_image_as_pattern=&#8220;without_pattern&#8220; padding_top=&#8220;15&#8243; padding_bottom=&#8220;30&#8243;][vc_column][vc_column_text]<\/p>\n<h1 style=\"text-align: center;\">Im Winter k\u00f6nnen Sie bei uns &#8230;<\/h1>\n<p>[\/vc_column_text][vc_separator type=&#8220;small&#8220; position=&#8220;center&#8220;][vc_column_text]<\/p>\n<h4>Langlaufen im Langlaufparadies der Zentralschweiz, Schneewandern, Schneeschuhlaufen, Skifahren (Tellerskilift), Tourenskifahren, Nordic Walking und vieles mehr &#8230;<\/h4>\n<p>[\/vc_column_text][vc_empty_space][vc_column_text]<\/p>\n<h4>Das Langlaufparadies ist bekannt f\u00fcr seine rund 40 km langen Langlaufloipen durch das wundersch\u00f6ne Schlierental. Auch unvergessliche Schneeschuhtouren durch die verschneite Winterlandschaft ist ein Erlebnis f\u00fcr jedermann. Ein heisser Gl\u00fchwein vom Feuer und anschliessend ein w\u00fcrziges Fondue rundet die <a href=\"https:\/\/berghotellangis.ch\/wp-content\/uploads\/2021\/09\/Tour-B\u00e4rggruess.jpg\">Mondschein-Schneeschuhtour<\/a> perfekt ab.<\/h4>\n<h4><\/h4>\n<p>&nbsp;<\/p>\n<h4>Weitere Informationen zum Loipenplan, sowie den aktuellen Wetter- und Schneebericht finden Sie unter <a href=\"https:\/\/www.loipe-langis.ch\/\">Loipe Langis.\u00a0<\/a><\/h4>\n<p>[\/vc_column_text][\/vc_column][\/vc_row][vc_row css_animation=&#8220;&#8220; row_type=&#8220;row&#8220; use_row_as_full_screen_section=&#8220;no&#8220; type=&#8220;full_width&#8220; angled_section=&#8220;no&#8220; text_align=&#8220;left&#8220; background_image_as_pattern=&#8220;without_pattern&#8220;][vc_column][vc_gallery type=&#8220;image_grid&#8220; images=&#8220;15984,15985,15986,15987,15988,15989,15990,15991,15992&#8243; img_size=&#8220;full&#8220; column_number=&#8220;3&#8243; grayscale=&#8220;yes&#8220; images_space=&#8220;gallery_without_space&#8220;][\/vc_column][\/vc_row][vc_row css_animation=&#8220;&#8220; row_type=&#8220;row&#8220; use_row_as_full_screen_section=&#8220;no&#8220; type=&#8220;full_width&#8220; angled_section=&#8220;no&#8220; text_align=&#8220;left&#8220; background_image_as_pattern=&#8220;without_pattern&#8220; padding_top=&#8220;15&#8243; padding_bottom=&#8220;15&#8243;][vc_column][vc_column_text]Landschaftsbilder Martin Meier[\/vc_column_text][\/vc_column][\/vc_row][vc_row css_animation=&#8220;&#8220; row_type=&#8220;row&#8220; use_row_as_full_screen_section=&#8220;no&#8220; type=&#8220;full_width&#8220; angled_section=&#8220;no&#8220; text_align=&#8220;left&#8220; background_image_as_pattern=&#8220;without_pattern&#8220;][vc_column][vc_column_text]<\/p>\n<h4>G\u00f6nnen Sie sich ein gutes Kaffee Schnaps oder geniessen Sie unsere feine R\u00f6sti nach einem abenteuerlichen Tag im Schnee. Unsere \u00c4lplermagronen sind die perfekte St\u00e4rkung und dieses Gericht ist \u00fcbrigens eines der beliebtesten Speisen der &#8222;Obwaldner&#8220;.<\/h4>\n<h4><\/h4>\n<p>[\/vc_column_text][\/vc_column][\/vc_row][vc_row css_animation=&#8220;&#8220; row_type=&#8220;row&#8220; use_row_as_full_screen_section=&#8220;no&#8220; type=&#8220;full_width&#8220; angled_section=&#8220;no&#8220; text_align=&#8220;left&#8220; background_image_as_pattern=&#8220;without_pattern&#8220;][vc_column][vc_column_text]<\/p>\n<h4>In unserem Haus stehen Ihnen zudem Duschen und Garderoben zur Verf\u00fcgung, somit steht einem perfekten Ausflug nichts mehr im Wege.<\/h4>\n<p>&nbsp;<\/p>\n<h4><\/h4>\n<p>[\/vc_column_text][vc_empty_space][vc_empty_space][\/vc_column][\/vc_row]<\/p>\n","protected":false},"excerpt":{"rendered":"<p>[vc_row css_animation=&#8220;&#8220; row_type=&#8220;row&#8220; use_row_as_full_screen_section=&#8220;no&#8220; type=&#8220;full_width&#8220; angled_section=&#8220;no&#8220; text_align=&#8220;left&#8220; background_image_as_pattern=&#8220;without_pattern&#8220; padding_top=&#8220;15&#8243; padding_bottom=&#8220;30&#8243;][vc_column][vc_column_text]&#8230;<\/p>\n","protected":false},"author":3,"featured_media":0,"parent":15901,"menu_order":0,"comment_status":"open","ping_status":"closed","template":"","meta":{"footnotes":""},"class_list":["post-15905","page","type-page","status-publish","hentry"],"_links":{"self":[{"href":"https:\/\/berghotellangis.ch\/index.php?rest_route=\/wp\/v2\/pages\/15905"}],"collection":[{"href":"https:\/\/berghotellangis.ch\/index.php?rest_route=\/wp\/v2\/pages"}],"about":[{"href":"https:\/\/berghotellangis.ch\/index.php?rest_route=\/wp\/v2\/types\/page"}],"author":[{"embeddable":true,"href":"https:\/\/berghotellangis.ch\/index.php?rest_route=\/wp\/v2\/users\/3"}],"replies":[{"embeddable":true,"href":"https:\/\/berghotellangis.ch\/index.php?rest_route=%2Fwp%2Fv2%2Fcomments&post=15905"}],"version-history":[{"count":33,"href":"https:\/\/berghotellangis.ch\/index.php?rest_route=\/wp\/v2\/pages\/15905\/revisions"}],"predecessor-version":[{"id":17115,"href":"https:\/\/berghotellangis.ch\/index.php?rest_route=\/wp\/v2\/pages\/15905\/revisions\/17115"}],"up":[{"embeddable":true,"href":"https:\/\/berghotellangis.ch\/index.php?rest_route=\/wp\/v2\/pages\/15901"}],"wp:attachment":[{"href":"https:\/\/berghotellangis.ch\/index.php?rest_route=%2Fwp%2Fv2%2Fmedia&parent=15905"}],"curies":[{"name":"wp","href":"https:\/\/api.w.org\/{rel}","templated":true}]}}