{"id":16205,"date":"2015-07-16T09:09:26","date_gmt":"2015-07-16T07:09:26","guid":{"rendered":"http:\/\/www.berghotellangis.ch\/?page_id=16205"},"modified":"2015-07-16T09:17:04","modified_gmt":"2015-07-16T07:17:04","slug":"spielplatz","status":"publish","type":"page","link":"https:\/\/berghotellangis.ch\/?page_id=16205","title":{"rendered":"Spielplatz"},"content":{"rendered":"<p>[vc_row row_type=&#8220;parallax&#8220; type=&#8220;grid&#8220; text_align=&#8220;left&#8220; background_image=&#8220;16209&#8243; padding_top=&#8220;72&#8243; section_height=&#8220;1080&#8243; use_row_as_full_screen_section=&#8220;no&#8220; parallax_content_width=&#8220;in_grid&#8220; angled_section=&#8220;no&#8220; angled_section_position=&#8220;both&#8220; angled_section_direction=&#8220;from_left_to_right&#8220; background_image_as_pattern=&#8220;without_pattern&#8220; row_negative_margin=&#8220;&#8220;][vc_column width=&#8220;1\/1&#8243;][vc_separator type=&#8220;transparent&#8220; position=&#8220;center&#8220; up=&#8220;0&#8243; down=&#8220;396&#8243;][vc_row_inner row_type=&#8220;row&#8220; type=&#8220;full_width&#8220; text_align=&#8220;left&#8220; css_animation=&#8220;element_from_bottom&#8220; transition_delay=&#8220;0.3&#8243;][vc_column_inner width=&#8220;1\/1&#8243;][vc_column_text]<\/p>\n<h1 style=\"text-align: center;\"><span class='highlight' style='color: ; background-color:#376d94;'>Unser Spielplatz steht nat\u00fcrlich f\u00fcr Gross und Klein zur Verf\u00fcgung \u2013 sch\u00f6ne Aussicht inbegriffen.<\/span><\/h1>\n<p>[\/vc_column_text][\/vc_column_inner][\/vc_row_inner][vc_separator type=&#8220;transparent&#8220; position=&#8220;center&#8220; up=&#8220;79&#8243; down=&#8220;20&#8243;][\/vc_column][\/vc_row][vc_row row_type=&#8220;parallax&#8220; type=&#8220;grid&#8220; text_align=&#8220;left&#8220; background_image=&#8220;16210&#8243; padding_top=&#8220;72&#8243; padding_bottom=&#8220;0&#8243; section_height=&#8220;1080&#8243; use_row_as_full_screen_section=&#8220;no&#8220; parallax_content_width=&#8220;in_grid&#8220; angled_section=&#8220;no&#8220; angled_section_position=&#8220;both&#8220; angled_section_direction=&#8220;from_left_to_right&#8220; background_image_as_pattern=&#8220;without_pattern&#8220; row_negative_margin=&#8220;&#8220;][vc_column width=&#8220;1\/1&#8243;][vc_separator type=&#8220;transparent&#8220; position=&#8220;center&#8220; up=&#8220;0&#8243; down=&#8220;396&#8243;][\/vc_column][\/vc_row][vc_row row_type=&#8220;parallax&#8220; type=&#8220;grid&#8220; text_align=&#8220;left&#8220; background_image=&#8220;16212&#8243; padding_top=&#8220;72&#8243; padding_bottom=&#8220;0&#8243; section_height=&#8220;1080&#8243; use_row_as_full_screen_section=&#8220;no&#8220; parallax_content_width=&#8220;in_grid&#8220; angled_section=&#8220;no&#8220; angled_section_position=&#8220;both&#8220; angled_section_direction=&#8220;from_left_to_right&#8220; background_image_as_pattern=&#8220;without_pattern&#8220; row_negative_margin=&#8220;&#8220;][vc_column width=&#8220;1\/1&#8243;][vc_separator type=&#8220;transparent&#8220; position=&#8220;center&#8220; up=&#8220;0&#8243; down=&#8220;396&#8243;][vc_separator type=&#8220;transparent&#8220; position=&#8220;center&#8220; up=&#8220;79&#8243; down=&#8220;0&#8243;][\/vc_column][\/vc_row]<\/p>\n","protected":false},"excerpt":{"rendered":"<p>[vc_row row_type=&#8220;parallax&#8220; type=&#8220;grid&#8220; text_align=&#8220;left&#8220; background_image=&#8220;16209&#8243; padding_top=&#8220;72&#8243; section_height=&#8220;1080&#8243; use_row_as_full_screen_section=&#8220;no&#8220; parallax_content_width=&#8220;in_grid&#8220; angled_section=&#8220;no&#8220;&#8230;<\/p>\n","protected":false},"author":3,"featured_media":0,"parent":15774,"menu_order":0,"comment_status":"open","ping_status":"closed","template":"full_width.php","meta":{"footnotes":""},"class_list":["post-16205","page","type-page","status-publish","hentry"],"_links":{"self":[{"href":"https:\/\/berghotellangis.ch\/index.php?rest_route=\/wp\/v2\/pages\/16205"}],"collection":[{"href":"https:\/\/berghotellangis.ch\/index.php?rest_route=\/wp\/v2\/pages"}],"about":[{"href":"https:\/\/berghotellangis.ch\/index.php?rest_route=\/wp\/v2\/types\/page"}],"author":[{"embeddable":true,"href":"https:\/\/berghotellangis.ch\/index.php?rest_route=\/wp\/v2\/users\/3"}],"replies":[{"embeddable":true,"href":"https:\/\/berghotellangis.ch\/index.php?rest_route=%2Fwp%2Fv2%2Fcomments&post=16205"}],"version-history":[{"count":8,"href":"https:\/\/berghotellangis.ch\/index.php?rest_route=\/wp\/v2\/pages\/16205\/revisions"}],"predecessor-version":[{"id":16218,"href":"https:\/\/berghotellangis.ch\/index.php?rest_route=\/wp\/v2\/pages\/16205\/revisions\/16218"}],"up":[{"embeddable":true,"href":"https:\/\/berghotellangis.ch\/index.php?rest_route=\/wp\/v2\/pages\/15774"}],"wp:attachment":[{"href":"https:\/\/berghotellangis.ch\/index.php?rest_route=%2Fwp%2Fv2%2Fmedia&parent=16205"}],"curies":[{"name":"wp","href":"https:\/\/api.w.org\/{rel}","templated":true}]}}